{"id":865,"date":"2023-03-16T10:37:17","date_gmt":"2023-03-16T09:37:17","guid":{"rendered":"https:\/\/myandbankwasppne01.azurewebsites.net\/aviso-legal\/"},"modified":"2025-10-18T05:26:10","modified_gmt":"2025-10-18T03:26:10","slug":"aviso-legal","status":"publish","type":"page","link":"https:\/\/myandbank.com\/es\/aviso-legal\/","title":{"rendered":"Aviso legal"},"content":{"rendered":"[vc_row type=\u00bbin_container\u00bb full_screen_row_position=\u00bbmiddle\u00bb column_margin=\u00bbdefault\u00bb column_direction=\u00bbdefault\u00bb column_direction_tablet=\u00bbdefault\u00bb column_direction_phone=\u00bbdefault\u00bb scene_position=\u00bbcenter\u00bb text_color=\u00bbdark\u00bb text_align=\u00bbleft\u00bb row_border_radius=\u00bbnone\u00bb row_border_radius_applies=\u00bbbg\u00bb overflow=\u00bbvisible\u00bb overlay_strength=\u00bb0.3&#8243; gradient_direction=\u00bbleft_to_right\u00bb shape_divider_position=\u00bbbottom\u00bb bg_image_animation=\u00bbnone\u00bb][vc_column column_padding=\u00bbno-extra-padding\u00bb column_padding_tablet=\u00bbinherit\u00bb column_padding_phone=\u00bbinherit\u00bb column_padding_position=\u00bball\u00bb column_element_direction_desktop=\u00bbdefault\u00bb column_element_spacing=\u00bbdefault\u00bb desktop_text_alignment=\u00bbdefault\u00bb tablet_text_alignment=\u00bbdefault\u00bb phone_text_alignment=\u00bbdefault\u00bb background_color_opacity=\u00bb1&#8243; background_hover_color_opacity=\u00bb1&#8243; column_backdrop_filter=\u00bbnone\u00bb column_shadow=\u00bbnone\u00bb column_border_radius=\u00bbnone\u00bb column_link_target=\u00bb_self\u00bb column_position=\u00bbdefault\u00bb gradient_direction=\u00bbleft_to_right\u00bb overlay_strength=\u00bb0.3&#8243; width=\u00bb1\/1&#8243; tablet_width_inherit=\u00bbdefault\u00bb animation_type=\u00bbdefault\u00bb bg_image_animation=\u00bbnone\u00bb border_type=\u00bbsimple\u00bb column_border_width=\u00bbnone\u00bb column_border_style=\u00bbsolid\u00bb][vc_column_text]\r\n<p>La informaci\u00f3n contenida en la p\u00e1gina web de Myandbank tiene como objetivo dar a conocer a las personas que acceden a ella nuestros productos y servicios y a establecer canales informativos de comunicaci\u00f3n directa con el p\u00fablico, en general, y con los clientes, en particular, a trav\u00e9s del correo electr\u00f3nico.<\/p>\r\n\r\n<p>La documentaci\u00f3n y el dise\u00f1o gr\u00e1fico son propiedad de Myandbank. Por lo tanto, queda prohibida la reproducci\u00f3n, copia, distribuci\u00f3n o otro acto de manipulaci\u00f3n de esta documentaci\u00f3n, sin la autorizaci\u00f3n expresa de Myandbank. Podr\u00e1 ejercitar cuantas acciones -judiciales o extrajudiciales- tenga por conveniente.<\/p>\r\n\r\n<p>El acceso a la p\u00e1gina web de Myandbank y el uso de la informaci\u00f3n contenida en ella es responsabilidad exclusiva de quien acceda. En ning\u00fan caso la informaci\u00f3n contenida en la citada web se puede entender como recomendaci\u00f3n, asesoramiento u oferta de contrataci\u00f3n, de modo que Myandbank no ser\u00e1 responsable de ninguna consecuencia, da\u00f1o o perjuicio que pudiera derivarse de dicho acceso o uso de la informaci\u00f3n. Myandbank no garantiza que la informaci\u00f3n, los textos, los gr\u00e1ficos, los v\u00ednculos o el contenido de todos los art\u00edculos que figuran en la web de Myandbank sean exactos o completos.<\/p>\r\n\r\n<p>Myandbank se reserva el derecho de modificar, suspender, cancelar o restringir el contenido de la web o los v\u00ednculos sin necesidad de preaviso.<\/p>\r\n\r\n<p>Myandbank no adquiere ning\u00fan compromiso de la actualizaci\u00f3n de la informaci\u00f3n contenida en la web de Myandbank, ni asume ninguna responsabilidad sobre los contenidos y servicios comerciales o de otra \u00edndole que las otras webs con las que se pueda enlazar electr\u00f3nicamente de forma directa o indirecta desde la web de Myandbank.<\/p>\r\n\r\n<p>Myandbank declina toda responsabilidad por el acceso de personas desde jurisdicciones en las que, por el motivo que sea, est\u00e9 prohibida la publicaci\u00f3n o disposici\u00f3n de la web de Myandbank y, si se tercia, podr\u00e1 restringir o rehusar el acceso.<\/p>\r\n\r\n[\/vc_column_text][\/vc_column][\/vc_row]","protected":false},"excerpt":{"rendered":"<p>[vc_row type=\u00bbin_container\u00bb full_screen_row_position=\u00bbmiddle\u00bb column_margin=\u00bbdefault\u00bb column_direction=\u00bbdefault\u00bb column_direction_tablet=\u00bbdefault\u00bb column_direction_phone=\u00bbdefault\u00bb scene_position=\u00bbcenter\u00bb text_color=\u00bbdark\u00bb text_align=\u00bbleft\u00bb row_border_radius=\u00bbnone\u00bb row_border_radius_applies=\u00bbbg\u00bb overflow=\u00bbvisible\u00bb overlay_strength=\u00bb0.3&#8243; gradient_direction=\u00bbleft_to_right\u00bb shape_divider_position=\u00bbbottom\u00bb bg_image_animation=\u00bbnone\u00bb][vc_column column_padding=\u00bbno-extra-padding\u00bb column_padding_tablet=\u00bbinherit\u00bb column_padding_phone=\u00bbinherit\u00bb column_padding_position=\u00bball\u00bb column_element_direction_desktop=\u00bbdefault\u00bb column_element_spacing=\u00bbdefault\u00bb desktop_text_alignment=\u00bbdefault\u00bb tablet_text_alignment=\u00bbdefault\u00bb phone_text_alignment=\u00bbdefault\u00bb background_color_opacity=\u00bb1&#8243; background_hover_color_opacity=\u00bb1&#8243; column_backdrop_filter=\u00bbnone\u00bb column_shadow=\u00bbnone\u00bb&#8230;<\/p>\n","protected":false},"author":1,"featured_media":0,"parent":0,"menu_order":0,"comment_status":"closed","ping_status":"closed","template":"","meta":{"footnotes":""},"class_list":["post-865","page","type-page","status-publish"],"_links":{"self":[{"href":"https:\/\/myandbank.com\/es\/wp-json\/wp\/v2\/pages\/865","targetHints":{"allow":["GET"]}}],"collection":[{"href":"https:\/\/myandbank.com\/es\/wp-json\/wp\/v2\/pages"}],"about":[{"href":"https:\/\/myandbank.com\/es\/wp-json\/wp\/v2\/types\/page"}],"author":[{"embeddable":true,"href":"https:\/\/myandbank.com\/es\/wp-json\/wp\/v2\/users\/1"}],"replies":[{"embeddable":true,"href":"https:\/\/myandbank.com\/es\/wp-json\/wp\/v2\/comments?post=865"}],"version-history":[{"count":6,"href":"https:\/\/myandbank.com\/es\/wp-json\/wp\/v2\/pages\/865\/revisions"}],"predecessor-version":[{"id":2349,"href":"https:\/\/myandbank.com\/es\/wp-json\/wp\/v2\/pages\/865\/revisions\/2349"}],"wp:attachment":[{"href":"https:\/\/myandbank.com\/es\/wp-json\/wp\/v2\/media?parent=865"}],"curies":[{"name":"wp","href":"https:\/\/api.w.org\/{rel}","templated":true}]}}