{"id":1129,"date":"2023-03-16T10:39:15","date_gmt":"2023-03-16T09:39:15","guid":{"rendered":"https:\/\/myandbankwasppne01.azurewebsites.net\/informacion-legal\/"},"modified":"2025-11-03T17:40:51","modified_gmt":"2025-11-03T16:40:51","slug":"informacion-legal","status":"publish","type":"page","link":"https:\/\/myandbank.com\/es\/informacion-legal\/","title":{"rendered":"Informaci\u00f3n Legal"},"content":{"rendered":"\n<h6 class=\"wp-block-heading\"><strong>Tarifas<\/strong><\/h6>\n\n\n\n<p>Se facilitan los documentos relacionados con tarifas (tarifas aplicables, tarifas m\u00e1ximas, Documento Informativo de Comisiones, etc.):<\/p>\n\n\n\n<p><a href=\"https:\/\/myandbank.com\/wp-content\/uploads\/2025\/11\/Condiciones-especificas-y-tarifas-del-canal-Myandbank_ES_0311.pdf\" target=\"_blank\" rel=\"noreferrer noopener\">PDF Tarifas<\/a><\/p>\n\n\n\n<h6 class=\"wp-block-heading\"><strong>Contrato de prestaci\u00f3n de servicio<\/strong><\/h6>\n\n\n\n<p><a href=\"https:\/\/myandbank.com\/wp-content\/uploads\/2023\/11\/Myandbank_servicios_ES.d9cd808617ba5ff64946.pdf\">PDF Contrato marco<\/a><\/p>\n\n\n\n<h6 class=\"wp-block-heading\"><strong>Servicio de atenci\u00f3n al cliente<\/strong><\/h6>\n\n\n\n<p>Horario comercial: lunes a viernes, de las 8.30 h a las 18.00 h<\/p>\n\n\n\n<p>Ll\u00e1manos +376 881 960<\/p>\n\n\n\n<p>Correo electr\u00f3nico: <a href=\"mailto:hola@myandbank.com\">hola@myandbank.com<\/a><\/p>\n\n\n\n<h6 class=\"wp-block-heading\"><strong>Prevenci\u00f3n Blanqueo de Capitales y lucha contra el terrorismo<\/strong><\/h6>\n\n\n\n<p>Declaraci\u00f3n general sobre las pol\u00edticas de prevenci\u00f3n de blanqueo de capitales en el grupo Andbank<\/p>\n\n\n\n<p><a href=\"https:\/\/myandbank.com\/wp-content\/uploads\/2023\/11\/Declaracion_AML_Andbank_ES.pdf\">Acceder al pdf<\/a><\/p>\n\n\n\n<h6 class=\"wp-block-heading\">MIFID<\/h6>\n\n\n\n<p>La normativa MiFID persigue regular las condiciones de autorizaci\u00f3n y funcionamiento de las Empresas de Servicios de Inversi\u00f3n, determinar cuales son las condiciones de autorizaci\u00f3n y funcionamiento de los mercados regulados y nuevos centros de negociaci\u00f3n, describir cuales son las normas de conducta y protecci\u00f3n al inversor que deben seguir las Empresas de servicios de inversi\u00f3n y establecer los nuevos requerimientos de organizaci\u00f3n y conducta para los participantes en el mercado con el objetivo de mejorar la protecci\u00f3n del inversor. Asimismo, el Reglamento MiFIR regula la transparencia pre y post negociaci\u00f3n para con las autoridades competentes y los inversores, estableciendo una serie de requisitos y obligaciones sobre la informaci\u00f3n que debe enviarse a los mercados\/reguladores estableciendo la obligaci\u00f3n de negociar en centros de negociaci\u00f3n determinados productos que antes se negociaban fuera de los mercados, desarrollando para todo ello, determinadas acciones supervisoras. En este sentido, el Grupo Andbank cumple plenamente con los requerimientos establecidos en este marco normativo de acuerdo a las disposiciones locales de las jurisdicciones donde presta servicios de inversi\u00f3n. Asimismo, el Reglamento MiFIR regula la transparencia pre y post negociaci\u00f3n para con las autoridades competentes y los inversores, estableciendo una serie de requisitos y obligaciones sobre la informaci\u00f3n que debe enviarse a los mercados\/reguladores estableciendo la obligaci\u00f3n de negociar en centros de negociaci\u00f3n determinados productos que antes se negociaban fuera de los mercados, desarrollando para todo ello, determinadas acciones supervisoras. En este sentido, el Grupo Andbank cumple plenamente con los requerimientos establecidos en este marco normativo de acuerdo a las disposiciones locales de las jurisdicciones donde presta servicios de inversi\u00f3n<\/p>\n\n\n\n<h6 class=\"wp-block-heading\">CRS<\/h6>\n\n\n\n<p>Common Reporting Standards (CRS) es un sistema de intercambio autom\u00e1tico de informaci\u00f3n fiscal entre pa\u00edses, que permite a las administraciones tributarias de los pa\u00edses que est\u00e9n adheridos obtener anualmente informaci\u00f3n fiscal relativa a las inversiones o posiciones que sus residentes fiscales tienen en instituciones financieras situadas en el extranjero (fuera del pa\u00eds donde son residentes). En este sentido, el pasado 1 de enero de 2017 entr\u00f3 en vigor en el Principado de Andorra la Llei 19\/2016, del 30 de novembre, d&#8217;intercanvi autom\u00e0tic d&#8217;informaci\u00f3 en mat\u00e8ria fiscal (en adelante, Ley de Intercambio autom\u00e1tico). La Ley de Intercambio autom\u00e1tico implementa en el Principado de Andorra el est\u00e1ndar com\u00fan de la OCDE (Common Reporting Standards) de las normas de comunicaci\u00f3n y diligencia debida, relativa a la informaci\u00f3n sobre cuentas financieras, con la intenci\u00f3n de mejorar el cumplimiento fiscal internacional sobre la base del intercambio autom\u00e1tico rec\u00edproco. Mediante dicha Ley se regula el intercambio autom\u00e1tico de informaci\u00f3n sobre cuentas financieras entre el Principado de Andorra y otros estados seg\u00fan lo dispuesto en los respectivos acuerdos o convenios internacionales aplicables, con lo que el Principado de Andorra se sit\u00faa en los niveles m\u00e1s elevados en cuanto a transparencia en materia de intercambio de informaci\u00f3n con otros pa\u00edses OCDE.<\/p>\n\n\n\n<p><a href=\"https:\/\/www.andbank.com\/andorra\/informacion-legal\/cumplimiento-normativo\/\">M\u00e1s informaci\u00f3n sobre PBC, Mifid, CRS, USA Patriot Act y Fondo de garant\u00eda andorrano<\/a><\/p>\n","protected":false},"excerpt":{"rendered":"<p>Tarifas Se facilitan los documentos relacionados con tarifas (tarifas aplicables, tarifas m\u00e1ximas, Documento Informativo de Comisiones, etc.): PDF Tarifas Contrato de prestaci\u00f3n de servicio PDF Contrato marco Servicio de atenci\u00f3n&#8230;<\/p>\n","protected":false},"author":1,"featured_media":0,"parent":0,"menu_order":0,"comment_status":"closed","ping_status":"closed","template":"","meta":{"footnotes":""},"class_list":["post-1129","page","type-page","status-publish"],"_links":{"self":[{"href":"https:\/\/myandbank.com\/es\/wp-json\/wp\/v2\/pages\/1129","targetHints":{"allow":["GET"]}}],"collection":[{"href":"https:\/\/myandbank.com\/es\/wp-json\/wp\/v2\/pages"}],"about":[{"href":"https:\/\/myandbank.com\/es\/wp-json\/wp\/v2\/types\/page"}],"author":[{"embeddable":true,"href":"https:\/\/myandbank.com\/es\/wp-json\/wp\/v2\/users\/1"}],"replies":[{"embeddable":true,"href":"https:\/\/myandbank.com\/es\/wp-json\/wp\/v2\/comments?post=1129"}],"version-history":[{"count":8,"href":"https:\/\/myandbank.com\/es\/wp-json\/wp\/v2\/pages\/1129\/revisions"}],"predecessor-version":[{"id":2360,"href":"https:\/\/myandbank.com\/es\/wp-json\/wp\/v2\/pages\/1129\/revisions\/2360"}],"wp:attachment":[{"href":"https:\/\/myandbank.com\/es\/wp-json\/wp\/v2\/media?parent=1129"}],"curies":[{"name":"wp","href":"https:\/\/api.w.org\/{rel}","templated":true}]}}